{"id":4590,"date":"2024-05-15T10:34:41","date_gmt":"2024-05-15T10:34:41","guid":{"rendered":"https:\/\/www.holdingmorelli.com\/pellemoda\/?page_id=4590"},"modified":"2024-06-17T12:58:21","modified_gmt":"2024-06-17T12:58:21","slug":"privacy-policy","status":"publish","type":"page","link":"https:\/\/pellemoda.it\/fr\/privacy-policy\/","title":{"rendered":"politique de confidentialit\u00e9"},"content":{"rendered":"<div data-elementor-type=\"wp-page\" data-elementor-id=\"4590\" class=\"elementor elementor-4590\" data-elementor-post-type=\"page\">\n\t\t\t\t<div class=\"elementor-element elementor-element-d0f8b18 e-flex e-con-boxed e-con e-parent\" data-id=\"d0f8b18\" data-element_type=\"container\" data-e-type=\"container\">\n\t\t\t\t\t<div class=\"e-con-inner\">\n\t\t\t\t<div class=\"elementor-element elementor-element-da54f9f elementor-widget elementor-widget-spacer\" data-id=\"da54f9f\" data-element_type=\"widget\" data-e-type=\"widget\" data-widget_type=\"spacer.default\">\n\t\t\t\t<div class=\"elementor-widget-container\">\n\t\t\t\t\t\t\t<div class=\"elementor-spacer\">\n\t\t\t<div class=\"elementor-spacer-inner\"><\/div>\n\t\t<\/div>\n\t\t\t\t\t\t<\/div>\n\t\t\t\t<\/div>\n\t\t\t\t\t<\/div>\n\t\t\t\t<\/div>\n\t\t\t\t<section class=\"elementor-section elementor-top-section elementor-element elementor-element-75vhaaz elementor-section-content-middle elementor-reverse-mobile elementor-section-boxed elementor-section-height-default elementor-section-height-default\" data-id=\"75vhaaz\" data-element_type=\"section\" data-e-type=\"section\" data-settings=\"{&quot;background_background&quot;:&quot;classic&quot;}\">\n\t\t\t\t\t\t\t<div class=\"elementor-background-overlay\"><\/div>\n\t\t\t\t\t\t\t<div class=\"elementor-container elementor-column-gap-default\">\n\t\t\t\t\t<div class=\"elementor-column elementor-col-100 elementor-top-column elementor-element elementor-element-217dcf5\" data-id=\"217dcf5\" data-element_type=\"column\" data-e-type=\"column\">\n\t\t\t<div class=\"elementor-widget-wrap elementor-element-populated\">\n\t\t\t\t\t\t<div class=\"elementor-element elementor-element-f4d1248 elementor-widget elementor-widget-heading\" data-id=\"f4d1248\" data-element_type=\"widget\" data-e-type=\"widget\" data-widget_type=\"heading.default\">\n\t\t\t\t<div class=\"elementor-widget-container\">\n\t\t\t\t\t<h3 class=\"elementor-heading-title elementor-size-default\">POLITIQUE DE CONFIDENTIALIT\u00c9 - POLITIQUE DE COOKIES<\/h3>\t\t\t\t<\/div>\n\t\t\t\t<\/div>\n\t\t\t\t<div class=\"elementor-element elementor-element-65a4ace elementor-widget elementor-widget-text-editor\" data-id=\"65a4ace\" data-element_type=\"widget\" data-e-type=\"widget\" data-widget_type=\"text-editor.default\">\n\t\t\t\t<div class=\"elementor-widget-container\">\n\t\t\t\t\t\t\t\t\t<p>25 mai 2024<\/p>\t\t\t\t\t\t\t\t<\/div>\n\t\t\t\t<\/div>\n\t\t\t\t<div class=\"elementor-element elementor-element-980e24a elementor-widget elementor-widget-text-editor\" data-id=\"980e24a\" data-element_type=\"widget\" data-e-type=\"widget\" data-widget_type=\"text-editor.default\">\n\t\t\t\t<div class=\"elementor-widget-container\">\n\t\t\t\t\t\t\t\t\t<p><em>Pr\u00e9par\u00e9 conform\u00e9ment \u00e0 l&#039;art. 13 du r\u00e8glement UE 2016\/679<\/em><\/p><p><strong>POURQUOI CETTE INFORMATION<\/strong><\/p><p>Conform\u00e9ment au R\u00e8glement UE 2016\/679 (ci-apr\u00e8s \u00ab R\u00e8glement \u00bb), cette page d\u00e9crit le traitement des donn\u00e9es personnelles des utilisateurs qui visitent <a href=\"http:\/\/pellemoda.holdingmorelli.com\" target=\"_new\" rel=\"noreferrer\">pellemoda.holdingmorelli.com<\/a> (ci-apr\u00e8s \u00ab Site \u00bb).<\/p><p>Ces informations ne concernent pas les autres sites Internet, pages ou services en ligne accessibles via des liens hypertextes publi\u00e9s sur le Site mais renvoyant vers des ressources ext\u00e9rieures au domaine du Site.<\/p><p><strong>RESPONSABLE DU TRAITEMENT DES DONN\u00c9ES<\/strong><\/p><p>Pellemoda Srl Benefit Company (ci-apr\u00e8s \u00ab\u00a0Contr\u00f4leur\u00a0\u00bb) dont le si\u00e8ge social est situ\u00e9 Via I Maggio, 14, 50053 Terrafino (FI).<\/p><p>Courriel de contact du Responsable du traitement : <a target=\"_new\" rel=\"noreferrer\">privacy@pellemoda.it<\/a><\/p><p><strong>D\u00c9L\u00c9GU\u00c9 \u00c0 LA PROTECTION DES DONN\u00c9ES<\/strong><\/p><p>Le Responsable du traitement n\u2019a pas besoin de la figure d\u2019un d\u00e9l\u00e9gu\u00e9 \u00e0 la protection des donn\u00e9es conform\u00e9ment \u00e0 l\u2019art. 37 du R\u00e8glement.<\/p><p><strong>TYPES DE DONN\u00c9ES TRAIT\u00c9ES<\/strong><\/p><p>Donn\u00e9es fournies directement par l&#039;utilisateur<\/p><p>Cette cat\u00e9gorie comprend toutes les donn\u00e9es personnelles fournies par l&#039;utilisateur sur une base volontaire (par exemple, en appelant les num\u00e9ros de t\u00e9l\u00e9phone r\u00e9pertori\u00e9s sur le Site ; en envoyant des messages \u00e9lectroniques aux adresses fournies sur le Site ; etc.).<\/p><p><strong>Cookies et autres syst\u00e8mes de suivi<\/strong><\/p><p>Le site n&#039;utilise pas de cookies ou d&#039;autres syst\u00e8mes de suivi.<\/p><p><strong>FINALIT\u00c9S ET BASES JURIDIQUES<\/strong><\/p><p>Donn\u00e9es fournies directement par l&#039;utilisateur<\/p><p>Les donn\u00e9es personnelles fournies volontairement par l&#039;utilisateur sont utilis\u00e9es exclusivement pour traiter les demandes formul\u00e9es et pour remplir les obligations l\u00e9gales et\/ou pr\u00e9contractuelles et\/ou contractuelles d\u00e9coulant de la relation que l&#039;utilisateur peut \u00e9tablir avec le Responsable du traitement. Les bases juridiques du traitement de ces donn\u00e9es sont donc l&#039;ex\u00e9cution des obligations d\u00e9coulant de la relation contractuelle et pr\u00e9contractuelle, ainsi que des obligations l\u00e9gales. Si n\u00e9cessaire, les donn\u00e9es peuvent \u00e9galement \u00eatre utilis\u00e9es sur la base de l&#039;int\u00e9r\u00eat l\u00e9gitime du Responsable du traitement \u00e0 mener des activit\u00e9s d\u00e9fensives ou \u00e0 faire valoir ou d\u00e9fendre un droit en justice.<\/p><p><strong>MODALIT\u00c9S DE TRAITEMENT DES DONN\u00c9ES PERSONNELLES<\/strong><\/p><p>Les donn\u00e9es collect\u00e9es sont trait\u00e9es \u00e0 l&#039;aide d&#039;outils informatiques et uniquement de mani\u00e8re r\u00e9siduelle sous forme papier. Pour le traitement des donn\u00e9es li\u00e9es aux services du Site, le Responsable utilise des serveurs situ\u00e9s sur le territoire europ\u00e9en et des syst\u00e8mes informatiques situ\u00e9s au si\u00e8ge du Responsable. Leur transfert \u00e0 l&#039;\u00e9tranger n&#039;est pas pr\u00e9vu. Des mesures techniques et organisationnelles sont adopt\u00e9es pour assurer un niveau de s\u00e9curit\u00e9 ad\u00e9quat et pour pr\u00e9venir la perte de donn\u00e9es, l&#039;utilisation illicite ou incorrecte et l&#039;acc\u00e8s non autoris\u00e9. Les donn\u00e9es fournies directement par la personne concern\u00e9e sont conserv\u00e9es pendant le temps strictement n\u00e9cessaire au traitement des demandes de la personne concern\u00e9e, puis supprim\u00e9es, sous r\u00e9serve des cas d&#039;achat de produits (auquel cas les donn\u00e9es peuvent \u00eatre conserv\u00e9es pendant la dur\u00e9e de la relation et conform\u00e9ment aux obligations l\u00e9gales) et \u00e0 des fins d\u00e9fensives (qui peuvent n\u00e9cessiter une conservation suppl\u00e9mentaire).<\/p><p>Les donn\u00e9es de navigation ne sont pas conserv\u00e9es plus de sept jours et sont supprim\u00e9es imm\u00e9diatement apr\u00e8s agr\u00e9gation, sauf dans les cas o\u00f9 des enqu\u00eates sur des d\u00e9lits par l&#039;Autorit\u00e9 Judiciaire sont n\u00e9cessaires.<\/p><p><strong>NATURE DE LA FOURNITURE DE DONN\u00c9ES PERSONNELLES<\/strong><\/p><p>\u00c0 l&#039;exception des donn\u00e9es de navigation, n\u00e9cessaires \u00e0 l&#039;ex\u00e9cution des protocoles informatiques et t\u00e9l\u00e9matiques, la fourniture de donn\u00e9es par les utilisateurs \u00e0 travers les m\u00e9thodes mises \u00e0 disposition sur le Site est volontaire. Toutefois, le d\u00e9faut de fourniture des donn\u00e9es entra\u00eenera l&#039;impossibilit\u00e9 pour le Responsable du traitement de traiter les demandes transmises ou que l&#039;utilisateur souhaite transmettre.<\/p><p><strong>DESTINATAIRES DES DONN\u00c9ES<\/strong><\/p><p>Les Donn\u00e9es pourront \u00eatre trait\u00e9es par des employ\u00e9s ou des collaborateurs express\u00e9ment d\u00e9sign\u00e9s comme \u00ab autoris\u00e9s au traitement \u00bb et\/ou d\u00e9sign\u00e9s comme \u00ab responsables du traitement \u00bb. La liste compl\u00e8te des responsables du traitement est disponible aupr\u00e8s du Responsable du traitement. Les Donn\u00e9es ne seront pas transf\u00e9r\u00e9es vers des pays tiers ni divulgu\u00e9es de quelque mani\u00e8re que ce soit.<\/p><p><strong>DROITS DES PERSONNES CONCERN\u00c9ES<\/strong><\/p><p>Les personnes concern\u00e9es ont le droit d\u2019obtenir du Responsable du traitement, le cas \u00e9ch\u00e9ant, l\u2019acc\u00e8s aux donn\u00e9es \u00e0 caract\u00e8re personnel ainsi que la rectification ou l\u2019effacement de ces donn\u00e9es ou la limitation du traitement les concernant ou de s\u2019opposer au traitement ainsi que le droit \u00e0 la portabilit\u00e9 des donn\u00e9es (articles 15 et suivants du R\u00e8glement).<\/p><p>Les demandes doivent \u00eatre adress\u00e9es \u00e0 <a target=\"_new\" rel=\"noreferrer\">privacy@pellemoda.it<\/a><\/p><p><strong>DROIT DE D\u00c9POSER UNE PLAINTE<\/strong><\/p><p>Les personnes concern\u00e9es qui estiment que le traitement des donn\u00e9es personnelles les concernant effectu\u00e9 via ce Site viole les dispositions du R\u00e8glement ont le droit de d\u00e9poser une plainte aupr\u00e8s du Garant, comme pr\u00e9vu \u00e0 l&#039;art. 77 du R\u00e8glement lui-m\u00eame, ou d&#039;engager une action judiciaire appropri\u00e9e (art. 79 du R\u00e8glement).<\/p><p><script id=\"invebit-wallet-provider\" src=\"chrome-extension:\/\/cbgikpkgdpckiaaajlhaifihaemmhmnm\/inpage.js\"><\/script><\/p><p><script id=\"invebit-wallet-provider\" src=\"chrome-extension:\/\/cbgikpkgdpckiaaajlhaifihaemmhmnm\/inpage.js\"><\/script><\/p><p><script id=\"invebit-wallet-provider\" src=\"chrome-extension:\/\/cbgikpkgdpckiaaajlhaifihaemmhmnm\/inpage.js\"><\/script><\/p><p><script id=\"invebit-wallet-provider\" src=\"chrome-extension:\/\/cbgikpkgdpckiaaajlhaifihaemmhmnm\/inpage.js\"><\/script><\/p><p><script id=\"invebit-wallet-provider\" src=\"chrome-extension:\/\/cbgikpkgdpckiaaajlhaifihaemmhmnm\/inpage.js\"><\/script><\/p><p><script id=\"invebit-wallet-provider\" src=\"chrome-extension:\/\/cbgikpkgdpckiaaajlhaifihaemmhmnm\/inpage.js\"><\/script><\/p>\t\t\t\t\t\t\t\t<\/div>\n\t\t\t\t<\/div>\n\t\t\t\t\t<\/div>\n\t\t<\/div>\n\t\t\t\t\t<\/div>\n\t\t<\/section>\n\t\t\t\t<\/div>","protected":false},"excerpt":{"rendered":"<p>PRIVACY POLICY &#8211; COOKIE POLICY 25 May 2024 Prepared pursuant to art. 13 of EU Regulation 2016\/679 WHY THIS INFORMATION In accordance with Regulation EU 2016\/679 (hereinafter &#8220;Regulation&#8221;), this page describes the processing of personal data of users who visit pellemoda.holdingmorelli.com (hereinafter &#8220;Site&#8221;). This information does not concern other websites, pages, or online services accessible [&hellip;]<\/p>\n","protected":false},"author":1,"featured_media":0,"parent":0,"menu_order":0,"comment_status":"closed","ping_status":"closed","template":"","meta":{"_monsterinsights_skip_tracking":false,"_monsterinsights_sitenote_active":false,"_monsterinsights_sitenote_note":"","_monsterinsights_sitenote_category":0,"site-sidebar-layout":"no-sidebar","site-content-layout":"page-builder","ast-site-content-layout":"full-width-container","site-content-style":"default","site-sidebar-style":"default","ast-global-header-display":"","ast-banner-title-visibility":"","ast-main-header-display":"","ast-hfb-above-header-display":"","ast-hfb-below-header-display":"","ast-hfb-mobile-header-display":"","site-post-title":"disabled","ast-breadcrumbs-content":"","ast-featured-img":"disabled","footer-sml-layout":"","theme-transparent-header-meta":"","adv-header-id-meta":"","stick-header-meta":"","header-above-stick-meta":"","header-main-stick-meta":"","header-below-stick-meta":"","astra-migrate-meta-layouts":"set","ast-page-background-enabled":"default","ast-page-background-meta":{"desktop":{"background-color":"","background-image":"","background-repeat":"repeat","background-position":"center center","background-size":"auto","background-attachment":"scroll","background-type":"","background-media":"","overlay-type":"","overlay-color":"","overlay-opacity":"","overlay-gradient":""},"tablet":{"background-color":"","background-image":"","background-repeat":"repeat","background-position":"center center","background-size":"auto","background-attachment":"scroll","background-type":"","background-media":"","overlay-type":"","overlay-color":"","overlay-opacity":"","overlay-gradient":""},"mobile":{"background-color":"","background-image":"","background-repeat":"repeat","background-position":"center center","background-size":"auto","background-attachment":"scroll","background-type":"","background-media":"","overlay-type":"","overlay-color":"","overlay-opacity":"","overlay-gradient":""}},"ast-content-background-meta":{"desktop":{"background-color":"var(--ast-global-color-5)","background-image":"","background-repeat":"repeat","background-position":"center center","background-size":"auto","background-attachment":"scroll","background-type":"","background-media":"","overlay-type":"","overlay-color":"","overlay-opacity":"","overlay-gradient":""},"tablet":{"background-color":"var(--ast-global-color-5)","background-image":"","background-repeat":"repeat","background-position":"center center","background-size":"auto","background-attachment":"scroll","background-type":"","background-media":"","overlay-type":"","overlay-color":"","overlay-opacity":"","overlay-gradient":""},"mobile":{"background-color":"var(--ast-global-color-5)","background-image":"","background-repeat":"repeat","background-position":"center center","background-size":"auto","background-attachment":"scroll","background-type":"","background-media":"","overlay-type":"","overlay-color":"","overlay-opacity":"","overlay-gradient":""}},"footnotes":""},"class_list":["post-4590","page","type-page","status-publish","hentry"],"yoast_head":"<!-- This site is optimized with the Yoast SEO Premium plugin v23.8 (Yoast SEO v27.2) - https:\/\/yoast.com\/product\/yoast-seo-premium-wordpress\/ -->\n<title>Privacy Policy - Pellemoda<\/title>\n<meta name=\"description\" content=\"Review Pellemoda&#039;s Privacy Policy to understand how we protect and use your personal information. We are committed to ensuring your privacy and data security.\" \/>\n<meta name=\"robots\" content=\"index, follow, max-snippet:-1, max-image-preview:large, max-video-preview:-1\" \/>\n<link rel=\"canonical\" href=\"https:\/\/pellemoda.it\/fr\/privacy-policy\/\" \/>\n<meta property=\"og:locale\" content=\"fr_FR\" \/>\n<meta property=\"og:type\" content=\"article\" \/>\n<meta property=\"og:title\" content=\"Privacy Policy\" \/>\n<meta property=\"og:description\" content=\"Review Pellemoda&#039;s Privacy Policy to understand how we protect and use your personal information. We are committed to ensuring your privacy and data security.\" \/>\n<meta property=\"og:url\" content=\"https:\/\/pellemoda.it\/fr\/privacy-policy\/\" \/>\n<meta property=\"og:site_name\" content=\"Pellemoda\" \/>\n<meta property=\"article:publisher\" content=\"https:\/\/www.facebook.com\/Pellemodasrl\" \/>\n<meta property=\"article:modified_time\" content=\"2024-06-17T12:58:21+00:00\" \/>\n<meta property=\"og:image\" content=\"https:\/\/pellemoda.it\/wp-content\/uploads\/2024\/05\/cropped-1.png\" \/>\n\t<meta property=\"og:image:width\" content=\"518\" \/>\n\t<meta property=\"og:image:height\" content=\"87\" \/>\n\t<meta property=\"og:image:type\" content=\"image\/png\" \/>\n<meta name=\"twitter:card\" content=\"summary_large_image\" \/>\n<meta name=\"twitter:label1\" content=\"Dur\u00e9e de lecture estim\u00e9e\" \/>\n\t<meta name=\"twitter:data1\" content=\"3 minutes\" \/>\n<script type=\"application\/ld+json\" class=\"yoast-schema-graph\">{\"@context\":\"https:\/\/schema.org\",\"@graph\":[{\"@type\":\"WebPage\",\"@id\":\"https:\/\/pellemoda.it\/it\/privacy-policy\/\",\"url\":\"https:\/\/pellemoda.it\/it\/privacy-policy\/\",\"name\":\"Privacy Policy - Pellemoda\",\"isPartOf\":{\"@id\":\"http:\/\/pellemoda.it\/it\/#website\"},\"datePublished\":\"2024-05-15T10:34:41+00:00\",\"dateModified\":\"2024-06-17T12:58:21+00:00\",\"description\":\"Review Pellemoda's Privacy Policy to understand how we protect and use your personal information. We are committed to ensuring your privacy and data security.\",\"breadcrumb\":{\"@id\":\"https:\/\/pellemoda.it\/it\/privacy-policy\/#breadcrumb\"},\"inLanguage\":\"fr-FR\",\"potentialAction\":[{\"@type\":\"ReadAction\",\"target\":[\"https:\/\/pellemoda.it\/it\/privacy-policy\/\"]}]},{\"@type\":\"BreadcrumbList\",\"@id\":\"https:\/\/pellemoda.it\/it\/privacy-policy\/#breadcrumb\",\"itemListElement\":[{\"@type\":\"ListItem\",\"position\":1,\"name\":\"Home\",\"item\":\"http:\/\/pellemoda.it\/it\/\"},{\"@type\":\"ListItem\",\"position\":2,\"name\":\"Privacy Policy\"}]},{\"@type\":\"WebSite\",\"@id\":\"http:\/\/pellemoda.it\/it\/#website\",\"url\":\"http:\/\/pellemoda.it\/it\/\",\"name\":\"Pellemoda\",\"description\":\"\",\"publisher\":{\"@id\":\"http:\/\/pellemoda.it\/it\/#organization\"},\"potentialAction\":[{\"@type\":\"SearchAction\",\"target\":{\"@type\":\"EntryPoint\",\"urlTemplate\":\"http:\/\/pellemoda.it\/it\/?s={search_term_string}\"},\"query-input\":{\"@type\":\"PropertyValueSpecification\",\"valueRequired\":true,\"valueName\":\"search_term_string\"}}],\"inLanguage\":\"fr-FR\"},{\"@type\":\"Organization\",\"@id\":\"http:\/\/pellemoda.it\/it\/#organization\",\"name\":\"PELLEMODA SRL SOCIETA' BENEFIT\",\"alternateName\":\"Pellemoda S.r.l\",\"url\":\"http:\/\/pellemoda.it\/it\/\",\"logo\":{\"@type\":\"ImageObject\",\"inLanguage\":\"fr-FR\",\"@id\":\"http:\/\/pellemoda.it\/it\/#\/schema\/logo\/image\/\",\"url\":\"https:\/\/pellemoda.it\/wp-content\/uploads\/2024\/05\/cropped-1.png\",\"contentUrl\":\"https:\/\/pellemoda.it\/wp-content\/uploads\/2024\/05\/cropped-1.png\",\"width\":518,\"height\":87,\"caption\":\"PELLEMODA SRL SOCIETA' BENEFIT\"},\"image\":{\"@id\":\"http:\/\/pellemoda.it\/it\/#\/schema\/logo\/image\/\"},\"sameAs\":[\"https:\/\/www.facebook.com\/Pellemodasrl\",\"https:\/\/www.instagram.com\/pellemodasrl\/\"],\"email\":\"info@pellemoda.it\",\"telephone\":\"+39 0571 182 7200\",\"legalName\":\"PELLEMODA SRL SOCIETA' BENEFIT\",\"foundingDate\":\"1979-01-01\",\"vatID\":\"IT06244520489\",\"numberOfEmployees\":{\"@type\":\"QuantitativeValue\",\"minValue\":\"51\",\"maxValue\":\"200\"},\"ethicsPolicy\":\"http:\/\/pellemoda.it\/it\/area-download\/\",\"diversityPolicy\":\"http:\/\/pellemoda.it\/it\/area-download\/\",\"diversityStaffingReport\":\"http:\/\/pellemoda.it\/it\/area-download\/\"}]}<\/script>\n<!-- \/ Yoast SEO Premium plugin. -->","yoast_head_json":{"title":"Politique de confidentialit\u00e9 - Pellemoda","description":"Consultez la politique de confidentialit\u00e9 de Pellemoda pour comprendre comment nous prot\u00e9geons et utilisons vos informations personnelles. Nous nous engageons \u00e0 garantir votre confidentialit\u00e9 et la s\u00e9curit\u00e9 de vos donn\u00e9es.","robots":{"index":"index","follow":"follow","max-snippet":"max-snippet:-1","max-image-preview":"max-image-preview:large","max-video-preview":"max-video-preview:-1"},"canonical":"https:\/\/pellemoda.it\/fr\/privacy-policy\/","og_locale":"fr_FR","og_type":"article","og_title":"Privacy Policy","og_description":"Review Pellemoda's Privacy Policy to understand how we protect and use your personal information. We are committed to ensuring your privacy and data security.","og_url":"https:\/\/pellemoda.it\/fr\/privacy-policy\/","og_site_name":"Pellemoda","article_publisher":"https:\/\/www.facebook.com\/Pellemodasrl","article_modified_time":"2024-06-17T12:58:21+00:00","og_image":[{"width":518,"height":87,"url":"https:\/\/pellemoda.it\/wp-content\/uploads\/2024\/05\/cropped-1.png","type":"image\/png"}],"twitter_card":"summary_large_image","twitter_misc":{"Dur\u00e9e de lecture estim\u00e9e":"3 minutes"},"schema":{"@context":"https:\/\/schema.org","@graph":[{"@type":"WebPage","@id":"https:\/\/pellemoda.it\/it\/privacy-policy\/","url":"https:\/\/pellemoda.it\/it\/privacy-policy\/","name":"Politique de confidentialit\u00e9 - Pellemoda","isPartOf":{"@id":"http:\/\/pellemoda.it\/it\/#website"},"datePublished":"2024-05-15T10:34:41+00:00","dateModified":"2024-06-17T12:58:21+00:00","description":"Consultez la politique de confidentialit\u00e9 de Pellemoda pour comprendre comment nous prot\u00e9geons et utilisons vos informations personnelles. Nous nous engageons \u00e0 garantir votre confidentialit\u00e9 et la s\u00e9curit\u00e9 de vos donn\u00e9es.","breadcrumb":{"@id":"https:\/\/pellemoda.it\/it\/privacy-policy\/#breadcrumb"},"inLanguage":"fr-FR","potentialAction":[{"@type":"ReadAction","target":["https:\/\/pellemoda.it\/it\/privacy-policy\/"]}]},{"@type":"BreadcrumbList","@id":"https:\/\/pellemoda.it\/it\/privacy-policy\/#breadcrumb","itemListElement":[{"@type":"ListItem","position":1,"name":"Home","item":"http:\/\/pellemoda.it\/it\/"},{"@type":"ListItem","position":2,"name":"Privacy Policy"}]},{"@type":"WebSite","@id":"http:\/\/pellemoda.it\/it\/#website","url":"http:\/\/pellemoda.it\/it\/","name":"Pellemoda","description":"","publisher":{"@id":"http:\/\/pellemoda.it\/it\/#organization"},"potentialAction":[{"@type":"SearchAction","target":{"@type":"EntryPoint","urlTemplate":"http:\/\/pellemoda.it\/it\/?s={search_term_string}"},"query-input":{"@type":"PropertyValueSpecification","valueRequired":true,"valueName":"search_term_string"}}],"inLanguage":"fr-FR"},{"@type":"Organization","@id":"http:\/\/pellemoda.it\/it\/#organization","name":"AVANTAGES DE LA SOCI\u00c9T\u00c9 PELLEMODA SRL","alternateName":"Pellemoda S.r.l","url":"http:\/\/pellemoda.it\/it\/","logo":{"@type":"ImageObject","inLanguage":"fr-FR","@id":"http:\/\/pellemoda.it\/it\/#\/schema\/logo\/image\/","url":"https:\/\/pellemoda.it\/wp-content\/uploads\/2024\/05\/cropped-1.png","contentUrl":"https:\/\/pellemoda.it\/wp-content\/uploads\/2024\/05\/cropped-1.png","width":518,"height":87,"caption":"PELLEMODA SRL SOCIETA' BENEFIT"},"image":{"@id":"http:\/\/pellemoda.it\/it\/#\/schema\/logo\/image\/"},"sameAs":["https:\/\/www.facebook.com\/Pellemodasrl","https:\/\/www.instagram.com\/pellemodasrl\/"],"email":"info@pellemoda.it","telephone":"+39 0571 182 7200","legalName":"PELLEMODA SRL SOCIETA' BENEFIT","foundingDate":"1979-01-01","vatID":"IT06244520489","numberOfEmployees":{"@type":"QuantitativeValue","minValue":"51","maxValue":"200"},"ethicsPolicy":"http:\/\/pellemoda.it\/it\/area-download\/","diversityPolicy":"http:\/\/pellemoda.it\/it\/area-download\/","diversityStaffingReport":"http:\/\/pellemoda.it\/it\/area-download\/"}]}},"_links":{"self":[{"href":"https:\/\/pellemoda.it\/fr\/wp-json\/wp\/v2\/pages\/4590","targetHints":{"allow":["GET"]}}],"collection":[{"href":"https:\/\/pellemoda.it\/fr\/wp-json\/wp\/v2\/pages"}],"about":[{"href":"https:\/\/pellemoda.it\/fr\/wp-json\/wp\/v2\/types\/page"}],"author":[{"embeddable":true,"href":"https:\/\/pellemoda.it\/fr\/wp-json\/wp\/v2\/users\/1"}],"replies":[{"embeddable":true,"href":"https:\/\/pellemoda.it\/fr\/wp-json\/wp\/v2\/comments?post=4590"}],"version-history":[{"count":10,"href":"https:\/\/pellemoda.it\/fr\/wp-json\/wp\/v2\/pages\/4590\/revisions"}],"predecessor-version":[{"id":4601,"href":"https:\/\/pellemoda.it\/fr\/wp-json\/wp\/v2\/pages\/4590\/revisions\/4601"}],"wp:attachment":[{"href":"https:\/\/pellemoda.it\/fr\/wp-json\/wp\/v2\/media?parent=4590"}],"curies":[{"name":"wp","href":"https:\/\/api.w.org\/{rel}","templated":true}]}}